{"id":2701,"date":"2025-09-01T12:46:19","date_gmt":"2025-09-01T10:46:19","guid":{"rendered":"https:\/\/digital-research.fr\/blog\/?page_id=2701"},"modified":"2026-04-02T20:47:43","modified_gmt":"2026-04-02T18:47:43","slug":"a-propos","status":"publish","type":"page","link":"https:\/\/digital-research.fr\/blog\/","title":{"rendered":"Islamic Research"},"content":{"rendered":"<h1 class=\"wp-block-site-title\"><a href=\"https:\/\/digital-research.fr\/blog\" target=\"_self\" rel=\"home\">Le blog Islamic Research<\/a><\/h1>\n\n\n<h2 class=\"wp-block-heading\">EDITO<\/h2>\n\n\n\n<figure class=\"wp-block-image size-large\"><img loading=\"lazy\" decoding=\"async\" width=\"1024\" height=\"201\" src=\"https:\/\/digital-research.fr\/blog\/wp-content\/uploads\/2025\/10\/Basmala-1024x201.jpg\" alt=\"\" class=\"wp-image-2709\" srcset=\"https:\/\/digital-research.fr\/blog\/wp-content\/uploads\/2025\/10\/Basmala-1024x201.jpg 1024w, https:\/\/digital-research.fr\/blog\/wp-content\/uploads\/2025\/10\/Basmala-300x59.jpg 300w, https:\/\/digital-research.fr\/blog\/wp-content\/uploads\/2025\/10\/Basmala-768x151.jpg 768w, https:\/\/digital-research.fr\/blog\/wp-content\/uploads\/2025\/10\/Basmala-1536x301.jpg 1536w, https:\/\/digital-research.fr\/blog\/wp-content\/uploads\/2025\/10\/Basmala-2048x402.jpg 2048w, https:\/\/digital-research.fr\/blog\/wp-content\/uploads\/2025\/10\/Basmala-1800x353.jpg 1800w\" sizes=\"auto, (max-width: 1024px) 100vw, 1024px\" \/><\/figure>\n\n\n\n<h2 class=\"wp-block-heading\"><strong>Au nom d\u2019Allah, le Tout Mis\u00e9ricordieux, le Tr\u00e8s Mis\u00e9ricordieux<\/strong><\/h2>\n\n\n\n<h2 class=\"wp-block-heading\">Ce site n\u2019a pas \u00e9t\u00e9 cr\u00e9\u00e9 pour se faire conna\u00eetre ni pour rechercher les \u00e9loges des gens,<br>mais simplement pour chercher la satisfaction d\u2019Allah et partager un peu de lumi\u00e8re avec ceux qui, comme moi, cherchent \u00e0 se rapprocher de Lui.<\/h2>\n\n\n\n<h2 class=\"wp-block-heading\">Je n\u2019ai aucune pr\u00e9tention de savoir ou de perfection.<br>Je ne suis qu\u2019un serviteur parmi d\u2019autres, un musulman lambda<br>mais d\u00e9sireux de contribuer, m\u00eame modestement, \u00e0 un bien qui perdure.<\/h2>\n\n\n\n<h2 class=\"wp-block-heading\">Chaque article, chaque vid\u00e9o ajout\u00e9e, chaque mot ici est une petite tentative<br>de rappel de la grandeur d\u2019Allah, de Sa mis\u00e9ricorde, et de la beaut\u00e9 du Coran \u2014 ce tr\u00e9sor que j\u2019aurais aim\u00e9 d\u00e9couvrir plus t\u00f4t dans ma vie.<\/h2>\n\n\n\n<h2 class=\"wp-block-heading\">Si ce site peut toucher un c\u0153ur, apaiser une \u00e2me, \u00e9veiller un souvenir du Cr\u00e9ateur,<br>alors al-\u1e25amdu lill\u0101h, la r\u00e9compense est aupr\u00e8s d\u2019Allah seul.<\/h2>\n\n\n\n<blockquote class=\"wp-block-quote is-layout-flow wp-block-quote-is-layout-flow\">\n<p><em>\u00d4 Allah, accepte ce travail, purifie mon intention,<br>fais qu\u2019il soit une cause de guid\u00e9e et non d\u2019\u00e9garement,<br>et inscris pour moi une part de r\u00e9compense tant que ce contenu profitera \u00e0 quelqu\u2019un.<\/em><\/p>\n<\/blockquote>\n\n\n\n<h2 class=\"wp-block-heading\">Tout bien vient de Toi, Seigneur, et toute erreur vient de moi.<br>Qu\u2019Allah nous pardonne, nous guide, et fasse de ce lieu un espace de rappel et de paix.<\/h2>\n\n\n\n<hr class=\"wp-block-separator has-alpha-channel-opacity\"\/>\n","protected":false},"excerpt":{"rendered":"<p>EDITO Au nom d\u2019Allah, le Tout Mis\u00e9ricordieux, le Tr\u00e8s Mis\u00e9ricordieux Ce site n\u2019a pas \u00e9t\u00e9 cr\u00e9\u00e9 pour se faire conna\u00eetre ni pour rechercher les \u00e9loges [&#8230;]<\/p>\n","protected":false},"author":1,"featured_media":0,"parent":0,"menu_order":0,"comment_status":"closed","ping_status":"closed","template":"","meta":{"footnotes":""},"class_list":["post-2701","page","type-page","status-publish","hentry"],"_links":{"self":[{"href":"https:\/\/digital-research.fr\/blog\/wp-json\/wp\/v2\/pages\/2701","targetHints":{"allow":["GET"]}}],"collection":[{"href":"https:\/\/digital-research.fr\/blog\/wp-json\/wp\/v2\/pages"}],"about":[{"href":"https:\/\/digital-research.fr\/blog\/wp-json\/wp\/v2\/types\/page"}],"author":[{"embeddable":true,"href":"https:\/\/digital-research.fr\/blog\/wp-json\/wp\/v2\/users\/1"}],"replies":[{"embeddable":true,"href":"https:\/\/digital-research.fr\/blog\/wp-json\/wp\/v2\/comments?post=2701"}],"version-history":[{"count":10,"href":"https:\/\/digital-research.fr\/blog\/wp-json\/wp\/v2\/pages\/2701\/revisions"}],"predecessor-version":[{"id":2873,"href":"https:\/\/digital-research.fr\/blog\/wp-json\/wp\/v2\/pages\/2701\/revisions\/2873"}],"wp:attachment":[{"href":"https:\/\/digital-research.fr\/blog\/wp-json\/wp\/v2\/media?parent=2701"}],"curies":[{"name":"wp","href":"https:\/\/api.w.org\/{rel}","templated":true}]}}